
{"id":273,"date":"2012-09-07T07:48:18","date_gmt":"2012-09-07T07:48:18","guid":{"rendered":"http:\/\/www.hauslinn.com\/?page_id=273"},"modified":"2025-04-01T14:01:20","modified_gmt":"2025-04-01T14:01:20","slug":"appartement-7","status":"publish","type":"page","link":"https:\/\/www.hauslinn.com\/?page_id=273","title":{"rendered":"Appartement 3"},"content":{"rendered":"\n<p><\/p>\n\n\n\n<figure class=\"wp-block-image size-full is-resized\"><a href=\"https:\/\/www.hauslinn.com\/wp-content\/uploads\/2024\/03\/APP3.jpg\"><img decoding=\"async\" loading=\"lazy\" src=\"https:\/\/www.hauslinn.com\/wp-content\/uploads\/2024\/03\/APP3.jpg\" alt=\"\" class=\"wp-image-1269\" width=\"584\" height=\"414\" srcset=\"https:\/\/www.hauslinn.com\/wp-content\/uploads\/2024\/03\/APP3.jpg 780w, https:\/\/www.hauslinn.com\/wp-content\/uploads\/2024\/03\/APP3-300x213.jpg 300w, https:\/\/www.hauslinn.com\/wp-content\/uploads\/2024\/03\/APP3-768x544.jpg 768w, https:\/\/www.hauslinn.com\/wp-content\/uploads\/2024\/03\/APP3-228x162.jpg 228w\" sizes=\"(max-width: 584px) 100vw, 584px\" \/><\/a><figcaption class=\"wp-element-caption\">2 Schlafzimmer, 2-4 Personen<br>70 m2, 2. Stock<br>Balkon (S\u00fcd)<\/figcaption><\/figure>\n\n\n\n<figure class=\"wp-block-image size-large is-resized\"><a href=\"http:\/\/www.hauslinn.com\/wp-content\/uploads\/2023\/01\/20220102_150211-scaled.jpg\"><img decoding=\"async\" loading=\"lazy\" src=\"http:\/\/www.hauslinn.com\/wp-content\/uploads\/2023\/01\/20220102_150211-1024x576.jpg\" alt=\"\" class=\"wp-image-1225\" width=\"457\" height=\"256\" srcset=\"https:\/\/www.hauslinn.com\/wp-content\/uploads\/2023\/01\/20220102_150211-1024x576.jpg 1024w, https:\/\/www.hauslinn.com\/wp-content\/uploads\/2023\/01\/20220102_150211-300x169.jpg 300w, https:\/\/www.hauslinn.com\/wp-content\/uploads\/2023\/01\/20220102_150211-768x432.jpg 768w, https:\/\/www.hauslinn.com\/wp-content\/uploads\/2023\/01\/20220102_150211-1536x864.jpg 1536w, https:\/\/www.hauslinn.com\/wp-content\/uploads\/2023\/01\/20220102_150211-2048x1152.jpg 2048w, https:\/\/www.hauslinn.com\/wp-content\/uploads\/2023\/01\/20220102_150211-262x147.jpg 262w\" sizes=\"(max-width: 457px) 100vw, 457px\" \/><\/a><figcaption class=\"wp-element-caption\"><strong>K\u00fcche<\/strong><br>Geschirrsp\u00fcler, drei Induktionskochfelder, Mikrowelle,<br>Kaffeemaschine (Filter), Wasserkocher, Toaster<br>K\u00fchlschrank mit Gefrierfach, Geschirrt\u00fccher<\/figcaption><\/figure>\n\n\n\n<figure class=\"wp-block-image size-large is-resized\"><a href=\"http:\/\/www.hauslinn.com\/wp-content\/uploads\/2023\/01\/20220102_143957-scaled.jpg\"><img decoding=\"async\" loading=\"lazy\" src=\"http:\/\/www.hauslinn.com\/wp-content\/uploads\/2023\/01\/20220102_143957-1024x576.jpg\" alt=\"\" class=\"wp-image-1226\" width=\"458\" height=\"257\" srcset=\"https:\/\/www.hauslinn.com\/wp-content\/uploads\/2023\/01\/20220102_143957-1024x576.jpg 1024w, https:\/\/www.hauslinn.com\/wp-content\/uploads\/2023\/01\/20220102_143957-300x169.jpg 300w, https:\/\/www.hauslinn.com\/wp-content\/uploads\/2023\/01\/20220102_143957-768x432.jpg 768w, https:\/\/www.hauslinn.com\/wp-content\/uploads\/2023\/01\/20220102_143957-1536x864.jpg 1536w, https:\/\/www.hauslinn.com\/wp-content\/uploads\/2023\/01\/20220102_143957-2048x1152.jpg 2048w, https:\/\/www.hauslinn.com\/wp-content\/uploads\/2023\/01\/20220102_143957-262x147.jpg 262w\" sizes=\"(max-width: 458px) 100vw, 458px\" \/><\/a><\/figure>\n\n\n\n<figure class=\"wp-block-image size-large is-resized\"><a href=\"http:\/\/www.hauslinn.com\/wp-content\/uploads\/2023\/01\/20220203_145548-scaled.jpg\"><img decoding=\"async\" loading=\"lazy\" src=\"http:\/\/www.hauslinn.com\/wp-content\/uploads\/2023\/01\/20220203_145548-1024x576.jpg\" alt=\"\" class=\"wp-image-1227\" width=\"460\" height=\"258\" srcset=\"https:\/\/www.hauslinn.com\/wp-content\/uploads\/2023\/01\/20220203_145548-1024x576.jpg 1024w, https:\/\/www.hauslinn.com\/wp-content\/uploads\/2023\/01\/20220203_145548-300x169.jpg 300w, https:\/\/www.hauslinn.com\/wp-content\/uploads\/2023\/01\/20220203_145548-768x432.jpg 768w, https:\/\/www.hauslinn.com\/wp-content\/uploads\/2023\/01\/20220203_145548-1536x864.jpg 1536w, https:\/\/www.hauslinn.com\/wp-content\/uploads\/2023\/01\/20220203_145548-2048x1152.jpg 2048w, https:\/\/www.hauslinn.com\/wp-content\/uploads\/2023\/01\/20220203_145548-262x147.jpg 262w\" sizes=\"(max-width: 460px) 100vw, 460px\" \/><\/a><figcaption class=\"wp-element-caption\"><strong>Wohnzimmer<\/strong><br>Smart-HD-TV, Eckcouch, Fauteuil<\/figcaption><\/figure>\n\n\n\n<p>kostenloses WLAN, nicht-Raucher Appartement<br>Haustieren sind nicht erlaubt<\/p>\n\n\n\n<figure class=\"wp-block-image size-large is-resized\"><a href=\"https:\/\/www.hauslinn.com\/wp-content\/uploads\/2025\/04\/20250331_190749-scaled.jpg\"><img decoding=\"async\" loading=\"lazy\" src=\"https:\/\/www.hauslinn.com\/wp-content\/uploads\/2025\/04\/20250331_190749-1024x576.jpg\" alt=\"\" class=\"wp-image-1281\" width=\"461\" height=\"259\" srcset=\"https:\/\/www.hauslinn.com\/wp-content\/uploads\/2025\/04\/20250331_190749-1024x576.jpg 1024w, https:\/\/www.hauslinn.com\/wp-content\/uploads\/2025\/04\/20250331_190749-300x169.jpg 300w, https:\/\/www.hauslinn.com\/wp-content\/uploads\/2025\/04\/20250331_190749-768x432.jpg 768w, https:\/\/www.hauslinn.com\/wp-content\/uploads\/2025\/04\/20250331_190749-1536x864.jpg 1536w, https:\/\/www.hauslinn.com\/wp-content\/uploads\/2025\/04\/20250331_190749-2048x1152.jpg 2048w, https:\/\/www.hauslinn.com\/wp-content\/uploads\/2025\/04\/20250331_190749-262x147.jpg 262w\" sizes=\"(max-width: 461px) 100vw, 461px\" \/><\/a><figcaption class=\"wp-element-caption\"><strong>Schlafzimmer 1<\/strong><br>Doppelbett (1,80&#215;2,00), Kleiderschrank<\/figcaption><\/figure>\n\n\n\n<figure class=\"wp-block-image size-large is-resized\"><a href=\"http:\/\/www.hauslinn.com\/wp-content\/uploads\/2023\/01\/20220203_145329-scaled.jpg\"><img decoding=\"async\" loading=\"lazy\" src=\"http:\/\/www.hauslinn.com\/wp-content\/uploads\/2023\/01\/20220203_145329-1024x576.jpg\" alt=\"\" class=\"wp-image-1229\" width=\"461\" height=\"259\" srcset=\"https:\/\/www.hauslinn.com\/wp-content\/uploads\/2023\/01\/20220203_145329-1024x576.jpg 1024w, https:\/\/www.hauslinn.com\/wp-content\/uploads\/2023\/01\/20220203_145329-300x169.jpg 300w, https:\/\/www.hauslinn.com\/wp-content\/uploads\/2023\/01\/20220203_145329-768x432.jpg 768w, https:\/\/www.hauslinn.com\/wp-content\/uploads\/2023\/01\/20220203_145329-1536x864.jpg 1536w, https:\/\/www.hauslinn.com\/wp-content\/uploads\/2023\/01\/20220203_145329-2048x1152.jpg 2048w, https:\/\/www.hauslinn.com\/wp-content\/uploads\/2023\/01\/20220203_145329-262x147.jpg 262w\" sizes=\"(max-width: 461px) 100vw, 461px\" \/><\/a><figcaption class=\"wp-element-caption\"><strong>Schlafzimmer 2<\/strong><br>2 Einzelbetten (0,80&#215;2,00), Kleiderschrank<\/figcaption><\/figure>\n\n\n\n<figure class=\"wp-block-image size-large is-resized\"><a href=\"https:\/\/www.hauslinn.com\/wp-content\/uploads\/2025\/04\/20250331_190444-scaled.jpg\"><img decoding=\"async\" loading=\"lazy\" src=\"https:\/\/www.hauslinn.com\/wp-content\/uploads\/2025\/04\/20250331_190444-576x1024.jpg\" alt=\"\" class=\"wp-image-1283\" width=\"220\" height=\"391\" srcset=\"https:\/\/www.hauslinn.com\/wp-content\/uploads\/2025\/04\/20250331_190444-576x1024.jpg 576w, https:\/\/www.hauslinn.com\/wp-content\/uploads\/2025\/04\/20250331_190444-169x300.jpg 169w, https:\/\/www.hauslinn.com\/wp-content\/uploads\/2025\/04\/20250331_190444-768x1365.jpg 768w, https:\/\/www.hauslinn.com\/wp-content\/uploads\/2025\/04\/20250331_190444-864x1536.jpg 864w, https:\/\/www.hauslinn.com\/wp-content\/uploads\/2025\/04\/20250331_190444-1152x2048.jpg 1152w, https:\/\/www.hauslinn.com\/wp-content\/uploads\/2025\/04\/20250331_190444-91x162.jpg 91w, https:\/\/www.hauslinn.com\/wp-content\/uploads\/2025\/04\/20250331_190444-scaled.jpg 1440w\" sizes=\"(max-width: 220px) 100vw, 220px\" \/><\/a><figcaption class=\"wp-element-caption\"><strong>Badezimmer<\/strong><br>Dusche, Waschbecken<br><strong>Separates WC<\/strong><\/figcaption><\/figure>\n","protected":false},"excerpt":{"rendered":"<p>kostenloses WLAN, nicht-Raucher AppartementHaustieren sind nicht erlaubt<\/p>\n","protected":false},"author":1,"featured_media":0,"parent":20,"menu_order":0,"comment_status":"closed","ping_status":"closed","template":"","meta":{"_mi_skip_tracking":false},"_links":{"self":[{"href":"https:\/\/www.hauslinn.com\/index.php?rest_route=\/wp\/v2\/pages\/273"}],"collection":[{"href":"https:\/\/www.hauslinn.com\/index.php?rest_route=\/wp\/v2\/pages"}],"about":[{"href":"https:\/\/www.hauslinn.com\/index.php?rest_route=\/wp\/v2\/types\/page"}],"author":[{"embeddable":true,"href":"https:\/\/www.hauslinn.com\/index.php?rest_route=\/wp\/v2\/users\/1"}],"replies":[{"embeddable":true,"href":"https:\/\/www.hauslinn.com\/index.php?rest_route=%2Fwp%2Fv2%2Fcomments&post=273"}],"version-history":[{"count":39,"href":"https:\/\/www.hauslinn.com\/index.php?rest_route=\/wp\/v2\/pages\/273\/revisions"}],"predecessor-version":[{"id":1284,"href":"https:\/\/www.hauslinn.com\/index.php?rest_route=\/wp\/v2\/pages\/273\/revisions\/1284"}],"up":[{"embeddable":true,"href":"https:\/\/www.hauslinn.com\/index.php?rest_route=\/wp\/v2\/pages\/20"}],"wp:attachment":[{"href":"https:\/\/www.hauslinn.com\/index.php?rest_route=%2Fwp%2Fv2%2Fmedia&parent=273"}],"curies":[{"name":"wp","href":"https:\/\/api.w.org\/{rel}","templated":true}]}}