
{"id":228,"date":"2012-09-06T11:02:47","date_gmt":"2012-09-06T11:02:47","guid":{"rendered":"http:\/\/www.hauslinn.com\/?page_id=228"},"modified":"2023-01-12T15:45:13","modified_gmt":"2023-01-12T15:45:13","slug":"ehrwald-en-omgeving","status":"publish","type":"page","link":"https:\/\/www.hauslinn.com\/?page_id=228","title":{"rendered":"Datenschutz"},"content":{"rendered":"\n<p>Der Datenschutz im Allgemeinen bzw. der Schutz Ihrer pers\u00f6nlichen Daten ist uns sehr wichtig. Die Nutzung unserer Webseite ist grunds\u00e4tzlich m\u00f6glich ohne Angabe von personenbezogenen Daten. Sollten dennoch Angaben notwendig sein\/werden, versichern wir Ihnen die Verarbeitung der Daten ausschlie\u00dflich auf Grundlage der aktuellen gesetzlichen Bestimmungen. Nachfolgend werden wir Sie \u00fcber die Datenverarbeitung im Rahmen unserer Webseite aufkl\u00e4ren.<\/p>\n\n\n\n<p>Wir m\u00f6chten Ihnen darauf hinweisen, dass bei Daten\u00fcbertragung \u00fcber Internet ein gewisses Risiko besteht und diesbez\u00fcglich einen vollst\u00e4ndigen Schutz der Daten (z.B. ein Zugriff durch Dritte) trotz bestm\u00f6glichen Absicherungen nicht garantiert werden kann.<\/p>\n\n\n\n<p>Bei den eingesetzten Tools (Analyse Tools, Statistik Tools usw.) auf unserer Webseite haben wir keinen Einfluss auf die Datenverarbeitung des jeweiligen Anbieters. Aber die Datenschutzgrundverordnung soll auch bei solchen Anbietern (z.B. Google, Booking usw.) sicherstellen, dass mit den \u00fcbermittelten Daten \u00e4u\u00dferst sorgsam umgegangen wird. Wir aber garantieren Ihnen, dass wir mit&nbsp;Ihren Daten sorgsam umgehen. Sie k\u00f6nnen uns gerne jederzeit kontaktieren, um Ausk\u00fcnfte in diesem Zusammenhang zu erhalten. Anbei unsere Kontaktdaten:<\/p>\n\n\n\n<p>Haus Linn, Driessen und Vromans GbR, Schulweg 17, 6632 Ehrwald.<br>+43 676 448 777 4 E-Mail: info(at)hauslinn.com<\/p>\n\n\n\n<p><strong>Rechtsgrundlage Datenverarbeitung<\/strong><\/p>\n\n\n\n<p>Die Datenverarbeitung erfolgt auf Basis der regional bzw. l\u00e4nderspezifisch geltenden gesetzlichen Bestimmungen&nbsp;sowie des Art 6 Abs 1 lit a (Einwilligung) und\/oder f (berechtigtes Interesse) der DSGVO. Unser Anliegen im Sinne der DSGVO (berechtigtes Interesse) ist die Verbesserung unseres Angebotes und Webauftritts.<\/p>\n\n\n\n<p>Bei Lieferungen von Waren \/ die Erbringung von sonstigen Leistungen kann eine Datenverarbeitung gem. Art 6 Abs 1 lit b notwendig werden bzw. im Falle von rechtlichen Verpflichtungen gem. Art 6 Abs 1 lit c der DSGVO. Die Dauer der Speicherung von personenbezogenen Daten richtet sich nach den gesetzlichen Vorgaben \/ Aufbewahrungsfristen, sofern diese Daten f\u00fcr die Vertragserf\u00fcllung notwendig sind.<\/p>\n\n\n\n<p><strong>Cookies<\/strong><\/p>\n\n\n\n<p>Unsere Webseite verwendet Cookies. Cookies sind Textdateien, die mit Hilfe des Browsers auf Ihrem Ger\u00e4t gespeichert werden. Diese Cookies erm\u00f6glichen es uns, dass Ihren Browser wieder erkennt wird bei einem folgenden Besuch. Einige Cookies bleiben auf Ihrem Ger\u00e4t gespeichert, aber Sie k\u00f6nnen sie jederzeit l\u00f6schen. Sie k\u00f6nnen Cookies auch deaktivieren oder nur im Einzelfall erlauben. Es kann sein dass die Funktionalit\u00e4t unserer Webseite dann eingeschr\u00e4nkt wird.<\/p>\n\n\n\n<p><strong>Serverdaten<\/strong><\/p>\n\n\n\n<p>Bei dem Zugriff auf unsere Webseite werden vom dahinterliegenden Webserver mehrere Daten erfasst. Diese Daten werden vom Server gespeichert. Zu den erhobenen Daten k\u00f6nnen geh\u00f6ren:<\/p>\n\n\n\n<ul>\n<li>IP-Adresse<\/li>\n\n\n\n<li>Spracheinstellungen<\/li>\n\n\n\n<li>Datum<\/li>\n\n\n\n<li>Uhrzeit<\/li>\n\n\n\n<li>Angeforderte URL<\/li>\n\n\n\n<li>Betriebssystem<\/li>\n<\/ul>\n\n\n\n<p>Diese Informationen werden ausgewertet f\u00fcr:<\/p>\n\n\n\n<ul>\n<li>Statistische Zwecke;<\/li>\n\n\n\n<li>Bei Missbrauch (z.B Angriff auf die eigene Webseite);<\/li>\n\n\n\n<li>Technische Problemanalyse.<\/li>\n<\/ul>\n\n\n\n<p><strong>SSL\/TLS Verschl\u00fcsselung<\/strong><\/p>\n\n\n\n<p>Aus Sicherheitsgr\u00fcnden nutzen wir auf unserer Website ein SSL Zertifikat.&nbsp; Die Verwendung dieser SSL- bzw. TLS-Verschl\u00fcsselung k\u00f6nnen Sie in Ihrer Adresszeile durch den Zusatz https:\/\/ erkennen. Viele Browserhersteller zeigen zudem den gesicherten Status der Website mit einer gr\u00fcnen Adressleiste und\/oder einem \u201eSchlo\u00dfsymbol\u201c.<\/p>\n\n\n\n<p><strong>Google Web Fonts<\/strong><\/p>\n\n\n\n<p><strong>Google Web Fonts<\/strong>&nbsp;ist ein Dienst der Firma:<br>Google Inc., 1600 Amphitheatre Pkwy, Mountain View, CA 94043-1351, USA<br><a href=\"https:\/\/policies.google.com\/privacy?hl=de&amp;gl=de\">https:\/\/policies.google.com\/privacy?hl=de&amp;gl=de<\/a><\/p>\n\n\n\n<p>Auf unserer Webseite werden Schriften des Dienstes \u201eGoogle Web Fonts\u201c&nbsp;integriert.<\/p>\n\n\n\n<p>Beim Laden der Schriftdateien von den Servern von Google werden die entsprechenden Schriften in Ihrem Browsercache zwischengespeichert. In diesem Zusammenhang muss eine Verbindung mit den Google Servern hergestellt werden. Google wird dar\u00fcber in Kenntnis gesetzt das Ihre IP-Adresse diese Verbindung hergestellt hat. Sollte es zu Problemen beim Laden der Schriften kommen, wird Ihr Browser automatisch eine andere, verf\u00fcgbare Standardschriftart verwenden.<\/p>\n\n\n\n<p>Weitere Informationen diesbez\u00fcglich k\u00f6nnen Sie hier abgerufen:<br><a href=\"https:\/\/developers.google.com\/fonts\/faq\">https:\/\/developers.google.com\/fonts\/faq<\/a><\/p>\n\n\n\n<p><strong>Google Analytics<\/strong><\/p>\n\n\n\n<p><strong>Google Analytics<\/strong>&nbsp;ist ein Dienst der Firma:<br>Google Inc., 1600 Amphitheatre Pkwy, Mountain View, CA 94043-1351, USA<br><a href=\"https:\/\/policies.google.com\/privacy?hl=de&amp;gl=de\">https:\/\/policies.google.com\/privacy?hl=de&amp;gl=de<\/a><br><a href=\"https:\/\/support.google.com\/analytics\/answer\/6004245?hl=de\">https:\/\/support.google.com\/analytics\/answer\/6004245?hl=de<\/a><\/p>\n\n\n\n<p>Auf unserer Website wurde \u201eGoogle Analytics\u201c integriert.<\/p>\n\n\n\n<p>F\u00fcr die&nbsp;Webanalyse werden Cookies verwendet, die eine Analyse der Benutzung der Website durch die Benutzer erm\u00f6glicht. Die dadurch erzeugten Informationen werden auf den Server des Anbieters \u00fcbertragen und gespeichert. Falls Sie das nicht wollen, k\u00f6nnen Sie Ihren Browser so einrichten, dass Cookies nicht gespeichert werden.<\/p>\n\n\n\n<p>Sie k\u00f6nnen Google Analytics auch komplett deaktivieren bzw. den Zugriff f\u00fcr dieses Tool verhindern. Hierf\u00fcr kann folgendem Link benutz werden:<br><a href=\"https:\/\/tools.google.com\/dlpage\/gaoptout?hl=de\">https:\/\/tools.google.com\/dlpage\/gaoptout?hl=de<\/a><\/p>\n\n\n\n<p><strong>Google Maps<\/strong><\/p>\n\n\n\n<p>Google Maps ist ein Dienst der Firma:<br>Google Inc., 1600 Amphitheatre Pkwy, Mountain View, CA 94043-1351, USA<br><a href=\"https:\/\/policies.google.com\/privacy?hl=de&amp;gl=de\">https:\/\/policies.google.com\/privacy?hl=de&amp;gl=de<\/a><\/p>\n\n\n\n<p>Auf unserer Webseite sind Komponenten von Google Maps integriert. Es handelt sich dabei um einen Kartendienst von Google zur Darstellung von interaktiven Karten auf unserer Webseite.<\/p>\n\n\n\n<p>Bei der Darstellung bzw. dem Aufruf der Google Maps Komponenten wird von Google ein Cookie gesetzt; anders gesagt Google erfasst Daten \u00fcber die Nutzung von Google Maps. Diese Erfassung \/ Speicherung \/ Verwendung der Daten k\u00f6nnen wir nicht beeinflussen noch kontrollieren.<\/p>\n\n\n\n<p>Falls Sie dies nicht wollen, k\u00f6nnen Sie JavaScript in Ihrem Browser deaktivieren. Nachteil: Google Maps funktioniert auf unserer Webseite nicht mehr. Dazu kann die Deaktivierung von JavaScript zu fehlerhaften \/ unvollst\u00e4ndigen Darstellung unserer Webseite f\u00fchren.<\/p>\n\n\n\n<p>Weitere Informationen bez\u00fcglich Google Maps finden Sie \u00fcber den folgenden Link:<br><a href=\"https:\/\/www.google.com\/intl\/de\/help\/terms_maps\/\">https:\/\/www.google.com\/intl\/de\/help\/terms_maps\/<\/a><\/p>\n\n\n\n<p><strong>Booking.com<\/strong><\/p>\n\n\n\n<p>Booking.com B.V., Herengracht 597, 1017 CE Amsterdam, Niederlande<\/p>\n\n\n\n<p>\u00dcber einen Link auf unserer Webseite k\u00f6nnen Sie direkt bei \u201e Booking.com\u201c einen Unterkunft in unserem Haus buchen. Die Kommunikation wird selbstverst\u00e4ndlich \u00fcber eine SSL gesicherte Verbindung abgewickelt. F\u00fcr weitere Informationen \u00fcber die Verarbeitung Ihrer Daten bei Booking.com B.V, nutzen Sie bitte diesen Link:<\/p>\n\n\n\n<p><a href=\"https:\/\/www.booking.com\/content\/privacy.de.html?label=gen173nr-1DCAEoggI46AdIM1gEaA6IAQGYAQe4ARjIAQzYAQPoAQGIAgGoAgS4AqytuY8GwAIB0gIkZDFhNTllOTAtMmZmZC00YWM0LWEwYmYtZjA4NTM2ZGZkMjlk2AIE4AIB;sid=8a78da782baffe22bd7de8c00a237984\">https:\/\/www.booking.com\/content\/privacy.de.html?label=gen173nr-1DCAEoggI46AdIM1gEaA6IAQGYAQe4ARjIAQzYAQPoAQGIAgGoAgS4AqytuY8GwAIB0gIkZDFhNTllOTAtMmZmZC00YWM0LWEwYmYtZjA4NTM2ZGZkMjlk2AIE4AIB;sid=8a78da782baffe22bd7de8c00a237984<\/a><\/p>\n\n\n\n<p>In diesen Datenschutzerkl\u00e4rungen werden Sie umfassend aufgekl\u00e4rt.<\/p>\n\n\n\n<p><strong>Ihre Rechte<\/strong><\/p>\n\n\n\n<p>Ihnen stehen grunds\u00e4tzlich die Rechte auf Auskunft, Berichtigung, L\u00f6schung, Einschr\u00e4nkung,&nbsp;Daten\u00fcbertragbarkeit, Widerruf und Widerspruch zu. F\u00fcr alle Anfragen k\u00f6nnen Sie sich jederzeit an die angegebenen Kontaktdaten (Siehe \u201eDatenschutz\u201c Seite 1) wenden. Wenn Sie glauben, dass die Verarbeitung Ihrer Daten gegen das Datenschutzrecht verst\u00f6\u00dft oder Ihre datenschutzrechtlichen Anspr\u00fcche in einer Weise verletzt worden sind, k\u00f6nnen Sie sich bei der Aufsichtsbeh\u00f6rde beschweren.<\/p>\n","protected":false},"excerpt":{"rendered":"<p>Der Datenschutz im Allgemeinen bzw. der Schutz Ihrer pers\u00f6nlichen Daten ist uns sehr wichtig. Die Nutzung unserer Webseite ist grunds\u00e4tzlich<\/p>\n<div class=\"read-button read_more_btn_text\"><a class=\"read_more\" href=\"https:\/\/www.hauslinn.com\/?page_id=228\">Read Now<span class=\"arrow_readm\"> &#x25BA;<\/span><\/a><\/div>\n","protected":false},"author":1,"featured_media":0,"parent":0,"menu_order":0,"comment_status":"closed","ping_status":"closed","template":"","meta":{"_mi_skip_tracking":false},"_links":{"self":[{"href":"https:\/\/www.hauslinn.com\/index.php?rest_route=\/wp\/v2\/pages\/228"}],"collection":[{"href":"https:\/\/www.hauslinn.com\/index.php?rest_route=\/wp\/v2\/pages"}],"about":[{"href":"https:\/\/www.hauslinn.com\/index.php?rest_route=\/wp\/v2\/types\/page"}],"author":[{"embeddable":true,"href":"https:\/\/www.hauslinn.com\/index.php?rest_route=\/wp\/v2\/users\/1"}],"replies":[{"embeddable":true,"href":"https:\/\/www.hauslinn.com\/index.php?rest_route=%2Fwp%2Fv2%2Fcomments&post=228"}],"version-history":[{"count":53,"href":"https:\/\/www.hauslinn.com\/index.php?rest_route=\/wp\/v2\/pages\/228\/revisions"}],"predecessor-version":[{"id":1221,"href":"https:\/\/www.hauslinn.com\/index.php?rest_route=\/wp\/v2\/pages\/228\/revisions\/1221"}],"wp:attachment":[{"href":"https:\/\/www.hauslinn.com\/index.php?rest_route=%2Fwp%2Fv2%2Fmedia&parent=228"}],"curies":[{"name":"wp","href":"https:\/\/api.w.org\/{rel}","templated":true}]}}