
{"id":20,"date":"2012-08-28T14:52:34","date_gmt":"2012-08-28T14:52:34","guid":{"rendered":"http:\/\/www.hauslinn.com\/?page_id=20"},"modified":"2023-01-12T16:02:35","modified_gmt":"2023-01-12T16:02:35","slug":"appartementen","status":"publish","type":"page","link":"https:\/\/www.hauslinn.com\/?page_id=20","title":{"rendered":"Appartements"},"content":{"rendered":"\n<p>Unser Haus verf\u00fcgt \u00fcber 3 Appartements:<\/p>\n\n\n\n<figure class=\"wp-block-table\"><table><tbody><tr><td>\n<p><a href=\"http:\/\/www.hauslinn.com\/?page_id=791\"><strong>Appartement 1&nbsp;<\/strong><\/a><\/p>\n<p>2 Personen<\/p>\n<p>35 m2<\/p>\n<p>1 Schlafzimmer<\/p>\n<p>Balkon (Ost-S\u00fcd)<\/p>\n<p>1. Stock<\/p>\n<\/td><td>\n<p><a href=\"http:\/\/www.hauslinn.com\/?page_id=113\"><strong>Appartement 2<\/strong><\/a><\/p>\n<p>2-4 Personen<\/p>\n<p>65 m2<\/p>\n<p>2 Schlafzimmer<\/p>\n<p>Balkon (West)<\/p>\n<p>1. Stock<\/p>\n<\/td><td>\n<p><a href=\"http:\/\/www.hauslinn.com\/?page_id=273\"><strong>Appartement 3&nbsp;<\/strong><\/a><\/p>\n<p>2-4 Personen<\/p>\n<p>70 m2<\/p>\n<p>2 Schlafzimmer<\/p>\n<p>Balkon (S\u00fcd)<\/p>\n<p>2. Stock<\/p>\n<\/td><\/tr><\/tbody><\/table><\/figure>\n\n\n\n<p>Auf Anfrage bieten wir auch ein\u00a0<strong>Zimmer inklusive Fr\u00fchst\u00fcck <\/strong>an. Dies ist leider nicht ganzj\u00e4hrig m\u00f6glich, bitte fragen Sie uns.<\/p>\n","protected":false},"excerpt":{"rendered":"<p>Unser Haus verf\u00fcgt \u00fcber 3 Appartements: Appartement 1&nbsp; 2 Personen 35 m2 1 Schlafzimmer Balkon (Ost-S\u00fcd) 1. Stock Appartement 2<\/p>\n<div class=\"read-button read_more_btn_text\"><a class=\"read_more\" href=\"https:\/\/www.hauslinn.com\/?page_id=20\">Read Now<span class=\"arrow_readm\"> &#x25BA;<\/span><\/a><\/div>\n","protected":false},"author":1,"featured_media":0,"parent":0,"menu_order":0,"comment_status":"closed","ping_status":"closed","template":"","meta":{"_mi_skip_tracking":false},"_links":{"self":[{"href":"https:\/\/www.hauslinn.com\/index.php?rest_route=\/wp\/v2\/pages\/20"}],"collection":[{"href":"https:\/\/www.hauslinn.com\/index.php?rest_route=\/wp\/v2\/pages"}],"about":[{"href":"https:\/\/www.hauslinn.com\/index.php?rest_route=\/wp\/v2\/types\/page"}],"author":[{"embeddable":true,"href":"https:\/\/www.hauslinn.com\/index.php?rest_route=\/wp\/v2\/users\/1"}],"replies":[{"embeddable":true,"href":"https:\/\/www.hauslinn.com\/index.php?rest_route=%2Fwp%2Fv2%2Fcomments&post=20"}],"version-history":[{"count":71,"href":"https:\/\/www.hauslinn.com\/index.php?rest_route=\/wp\/v2\/pages\/20\/revisions"}],"predecessor-version":[{"id":1233,"href":"https:\/\/www.hauslinn.com\/index.php?rest_route=\/wp\/v2\/pages\/20\/revisions\/1233"}],"wp:attachment":[{"href":"https:\/\/www.hauslinn.com\/index.php?rest_route=%2Fwp%2Fv2%2Fmedia&parent=20"}],"curies":[{"name":"wp","href":"https:\/\/api.w.org\/{rel}","templated":true}]}}