
{"id":162,"date":"2012-09-02T09:51:15","date_gmt":"2012-09-02T09:51:15","guid":{"rendered":"http:\/\/www.hauslinn.com\/?page_id=162"},"modified":"2023-01-12T15:37:02","modified_gmt":"2023-01-12T15:37:02","slug":"reserveren","status":"publish","type":"page","link":"https:\/\/www.hauslinn.com\/?page_id=162","title":{"rendered":"Wissenswertes"},"content":{"rendered":"\n<p>In unserem Haus sind Haustiere sowie das Rauchen nicht erlaubt.<\/p>\n\n\n\n<p>Bei jeder Buchung verlangen wir eine Anzahlung<\/p>\n\n\n\n<p>Wir fragen alle G\u00e4ste bis sp\u00e4testens einen Monat vor Anreise den Restbetrag zu \u00fcberweisen.<\/p>\n\n\n\n<p>Der Gesamtbetrag ist immer inklusive Endreinigung, Bettw\u00e4sche und ein Handt\u00fccher Paket. Die Kurtaxe wird vor Ort im Bar beglichen.<\/p>\n\n\n\n<p>Sie k\u00f6nnen zwischen 15.00-20.00 Uhr einchecken, sofern nichts anders vereinbart ist.<\/p>\n\n\n\n<p>Sie k\u00f6nnen zwischen 07.30-09.30 Uhr auschecken, sofern nichts anders vereinbart ist.<\/p>\n\n\n\n<p>F\u00fcr jedes Appartements steht ein Parkplatz zur Verf\u00fcgung. Die Parkpl\u00e4tze finden Sie hinter dem Haus. Hier befindet sich auch den Eingangsbereich.<\/p>\n\n\n\n<p>Unsere Appartements sind nicht mit einem Backrohr ausgestattet.<\/p>\n\n\n\n<p>Bitte bringen Sie Ihre Hausschuhe mit. Wir ersuchen Sie immer die (Wander-)Schuhe im Eingangsbereich (Skiraum) auszuziehen. Dort k\u00f6nnen Sie Ihre Schuhe abstellen und auf Hausschuhe umsteigen.<\/p>\n\n\n\n<p>In unserem Haus ist Raclette, (K\u00e4se)Fondue und frittieren untersagt.<\/p>\n\n\n\n<p>Offenes Feuer (z.B. auch Kerzen oder Teelichter) sind in den Zimmern \/ Appartements einer Auflage der Feuerwehr gem\u00e4\u00df verboten.<\/p>\n","protected":false},"excerpt":{"rendered":"<p>In unserem Haus sind Haustiere sowie das Rauchen nicht erlaubt. Bei jeder Buchung verlangen wir eine Anzahlung Wir fragen alle<\/p>\n<div class=\"read-button read_more_btn_text\"><a class=\"read_more\" href=\"https:\/\/www.hauslinn.com\/?page_id=162\">Read Now<span class=\"arrow_readm\"> &#x25BA;<\/span><\/a><\/div>\n","protected":false},"author":1,"featured_media":0,"parent":0,"menu_order":0,"comment_status":"closed","ping_status":"closed","template":"","meta":{"_mi_skip_tracking":false},"_links":{"self":[{"href":"https:\/\/www.hauslinn.com\/index.php?rest_route=\/wp\/v2\/pages\/162"}],"collection":[{"href":"https:\/\/www.hauslinn.com\/index.php?rest_route=\/wp\/v2\/pages"}],"about":[{"href":"https:\/\/www.hauslinn.com\/index.php?rest_route=\/wp\/v2\/types\/page"}],"author":[{"embeddable":true,"href":"https:\/\/www.hauslinn.com\/index.php?rest_route=\/wp\/v2\/users\/1"}],"replies":[{"embeddable":true,"href":"https:\/\/www.hauslinn.com\/index.php?rest_route=%2Fwp%2Fv2%2Fcomments&post=162"}],"version-history":[{"count":30,"href":"https:\/\/www.hauslinn.com\/index.php?rest_route=\/wp\/v2\/pages\/162\/revisions"}],"predecessor-version":[{"id":1214,"href":"https:\/\/www.hauslinn.com\/index.php?rest_route=\/wp\/v2\/pages\/162\/revisions\/1214"}],"wp:attachment":[{"href":"https:\/\/www.hauslinn.com\/index.php?rest_route=%2Fwp%2Fv2%2Fmedia&parent=162"}],"curies":[{"name":"wp","href":"https:\/\/api.w.org\/{rel}","templated":true}]}}